{"id":1441,"date":"2026-05-04T11:09:22","date_gmt":"2026-05-04T11:09:22","guid":{"rendered":"https:\/\/kruja.info\/?page_id=1441"},"modified":"2026-05-04T11:09:22","modified_gmt":"2026-05-04T11:09:22","slug":"transporti","status":"publish","type":"page","link":"https:\/\/kruja.info\/en\/transporti\/","title":{"rendered":"Transporti"},"content":{"rendered":"<p style=\"text-align: justify;\"><strong>Transporti Nd\u00ebrurban<\/strong><\/p>\n<p style=\"text-align: justify;\"><strong>Kruj\u00eb-Tiran\u00eb\u00a0\u00a0<\/strong>n\u00eb oraret 06:30, 07:00, 08:00 dhe 13:00, 15:00 16:00 nga qendra e Kruj\u00ebs<\/p>\n<p style=\"text-align: justify;\"><strong>Tiran\u00eb -Kruj\u00eb<\/strong>\u00a0n\u00eb oraret 10:00, 11:00, 13:00, 15:00, 17:00, 18:00 nga Terminali i Veriut<\/p>\n<p style=\"text-align: justify;\"><strong>Fush\u00eb Kruj\u00eb- Tiran\u00eb<\/strong>\u00a0\u00e7do 30 min nga ora 06:00-19:00 nga Qendra e Fush\u00eb Kruj\u00ebs<\/p>\n<p style=\"text-align: justify;\"><strong>Tiran\u00eb-Fushe Kruj\u00eb<\/strong>\u00a0\u00e7do 30 min nga ora 06:00-20:00 nga Terminali i Veriut<\/p>\n<p style=\"text-align: justify;\"><strong>Fush\u00eb Kruj\u00eb- Durr\u00ebs<\/strong>\u00a0\u00e7do nj\u00eb or\u00eb nga 06:00-19:00 nga Parkingu i Qytetit, Rruga e Tiran\u00ebs.<\/p>\n<p style=\"text-align: justify;\"><strong>Durr\u00ebs-Fush\u00eb Kruj\u00eb<\/strong>\u00a0\u00e7do nj\u00eb or\u00eb nga 08:00 n\u00eb 16:00 nga Stacioni i Qytetit Durr\u00ebs.<\/p>\n<p style=\"text-align: justify;\"><strong>Fush\u00eb Kruj\u00eb-La\u00e7\u00a0<\/strong>\u00e7do nj\u00eb or\u00eb nga 06:00-17:00 nga baypass i superstrad\u00ebs Fush\u00eb Kruj\u00eb-Lezh\u00eb.<\/p>\n<p style=\"text-align: justify;\"><strong>La\u00e7-Fush\u00eb Kruj\u00eb<\/strong>\u00a0 \u00e7do nj\u00eb or\u00eb nga 07:00-17:00 nga Stacioni i La\u00e7it<\/p>\n<p style=\"text-align: justify;\">\n<p style=\"text-align: justify;\"><strong>Transporti Urban<\/strong><\/p>\n<p style=\"text-align: justify;\"><strong>Kruj\u00eb-Fush\u00eb Kruj\u00eb<\/strong>\u00a0 \u00a0 \u00a0 \u00a0 \u00a0 \u00a0 \u00a0L\u00ebvizja kryhet nga ora 06 :00 \u2013 19:00 me autobus dhe mjete minibus<\/p>\n<p style=\"text-align: justify;\"><strong>Fush\u00eb Kruj\u00eb-Thuman\u00eb<\/strong>\u00a0 \u00a0 \u00a0L\u00ebvizja kryhet nga ora 06 :00 \u2013 19:00 mjete minibus.<\/p>\n<p style=\"text-align: justify;\"><strong>Fush\u00eb Kruj\u00eb-Bubq<\/strong>\u00a0 \u00a0 \u00a0 \u00a0 \u00a0 \u00a0 \u00a0 L\u00ebvizja kryhet nga ora 06 :00 \u2013 19:00 mjete minibus.<\/p>\n<p style=\"text-align: justify;\"><strong>Fush\u00eb Kruj\u00eb-Nikel<\/strong>\u00a0 \u00a0 \u00a0 \u00a0 \u00a0 \u00a0 \u00a0L\u00ebvizja kryhet nga ora 06 :00 \u2013 19:00 mjete minibus.<\/p>","protected":false},"excerpt":{"rendered":"<p>Transporti Nd\u00ebrurban Kruj\u00eb-Tiran\u00eb\u00a0\u00a0n\u00eb oraret 06:30, 07:00, 08:00 dhe 13:00, 15:00 16:00 nga qendra e Kruj\u00ebs Tiran\u00eb -Kruj\u00eb\u00a0n\u00eb oraret<\/p>","protected":false},"author":1,"featured_media":0,"parent":0,"menu_order":0,"comment_status":"closed","ping_status":"closed","template":"","meta":{"footnotes":""},"class_list":["post-1441","page","type-page","status-publish","hentry"],"yoast_head":"<!-- This site is optimized with the Yoast SEO plugin v27.5 - https:\/\/yoast.com\/product\/yoast-seo-wordpress\/ -->\n<title>Transporti - Kruja.info<\/title>\n<meta name=\"robots\" content=\"index, follow, max-snippet:-1, max-image-preview:large, max-video-preview:-1\" \/>\n<link rel=\"canonical\" href=\"https:\/\/kruja.info\/en\/transporti\/\" \/>\n<meta property=\"og:locale\" content=\"en_GB\" \/>\n<meta property=\"og:type\" content=\"article\" \/>\n<meta property=\"og:title\" content=\"Transporti - Kruja.info\" \/>\n<meta property=\"og:description\" content=\"Transporti Nd\u00ebrurban Kruj\u00eb-Tiran\u00eb\u00a0\u00a0n\u00eb oraret 06:30, 07:00, 08:00 dhe 13:00, 15:00 16:00 nga qendra e Kruj\u00ebs Tiran\u00eb -Kruj\u00eb\u00a0n\u00eb oraret\" \/>\n<meta property=\"og:url\" content=\"https:\/\/kruja.info\/en\/transporti\/\" \/>\n<meta property=\"og:site_name\" content=\"Kruja.info\" \/>\n<meta property=\"article:publisher\" content=\"https:\/\/www.facebook.com\/Kruja.info\/\" \/>\n<meta name=\"twitter:card\" content=\"summary_large_image\" \/>\n<meta name=\"twitter:label1\" content=\"Est. reading time\" \/>\n\t<meta name=\"twitter:data1\" content=\"1 minute\" \/>\n<script type=\"application\/ld+json\" class=\"yoast-schema-graph\">{\"@context\":\"https:\\\/\\\/schema.org\",\"@graph\":[{\"@type\":\"WebPage\",\"@id\":\"https:\\\/\\\/kruja.info\\\/en\\\/transporti\\\/\",\"url\":\"https:\\\/\\\/kruja.info\\\/en\\\/transporti\\\/\",\"name\":\"Transporti - Kruja.info\",\"isPartOf\":{\"@id\":\"https:\\\/\\\/kruja.info\\\/#website\"},\"datePublished\":\"2026-05-04T11:09:22+00:00\",\"breadcrumb\":{\"@id\":\"https:\\\/\\\/kruja.info\\\/en\\\/transporti\\\/#breadcrumb\"},\"inLanguage\":\"en-GB\",\"potentialAction\":[{\"@type\":\"ReadAction\",\"target\":[\"https:\\\/\\\/kruja.info\\\/en\\\/transporti\\\/\"]}]},{\"@type\":\"BreadcrumbList\",\"@id\":\"https:\\\/\\\/kruja.info\\\/en\\\/transporti\\\/#breadcrumb\",\"itemListElement\":[{\"@type\":\"ListItem\",\"position\":1,\"name\":\"Home\",\"item\":\"https:\\\/\\\/kruja.info\\\/\"},{\"@type\":\"ListItem\",\"position\":2,\"name\":\"Transporti\"}]},{\"@type\":\"WebSite\",\"@id\":\"https:\\\/\\\/kruja.info\\\/#website\",\"url\":\"https:\\\/\\\/kruja.info\\\/\",\"name\":\"Kruja.info\",\"description\":\"\",\"publisher\":{\"@id\":\"https:\\\/\\\/kruja.info\\\/#organization\"},\"potentialAction\":[{\"@type\":\"SearchAction\",\"target\":{\"@type\":\"EntryPoint\",\"urlTemplate\":\"https:\\\/\\\/kruja.info\\\/?s={search_term_string}\"},\"query-input\":{\"@type\":\"PropertyValueSpecification\",\"valueRequired\":true,\"valueName\":\"search_term_string\"}}],\"inLanguage\":\"en-GB\"},{\"@type\":\"Organization\",\"@id\":\"https:\\\/\\\/kruja.info\\\/#organization\",\"name\":\"Kruja.info\",\"url\":\"https:\\\/\\\/kruja.info\\\/\",\"logo\":{\"@type\":\"ImageObject\",\"inLanguage\":\"en-GB\",\"@id\":\"https:\\\/\\\/kruja.info\\\/#\\\/schema\\\/logo\\\/image\\\/\",\"url\":\"https:\\\/\\\/kruja.info\\\/wp-content\\\/uploads\\\/2026\\\/04\\\/cropped-cropped-cropped-cropped-125-5-2-1.png\",\"contentUrl\":\"https:\\\/\\\/kruja.info\\\/wp-content\\\/uploads\\\/2026\\\/04\\\/cropped-cropped-cropped-cropped-125-5-2-1.png\",\"width\":524,\"height\":134,\"caption\":\"Kruja.info\"},\"image\":{\"@id\":\"https:\\\/\\\/kruja.info\\\/#\\\/schema\\\/logo\\\/image\\\/\"},\"sameAs\":[\"https:\\\/\\\/www.facebook.com\\\/Kruja.info\\\/\"]}]}<\/script>\n<!-- \/ Yoast SEO plugin. -->","yoast_head_json":{"title":"Transporti - Kruja.info","robots":{"index":"index","follow":"follow","max-snippet":"max-snippet:-1","max-image-preview":"max-image-preview:large","max-video-preview":"max-video-preview:-1"},"canonical":"https:\/\/kruja.info\/en\/transporti\/","og_locale":"en_GB","og_type":"article","og_title":"Transporti - Kruja.info","og_description":"Transporti Nd\u00ebrurban Kruj\u00eb-Tiran\u00eb\u00a0\u00a0n\u00eb oraret 06:30, 07:00, 08:00 dhe 13:00, 15:00 16:00 nga qendra e Kruj\u00ebs Tiran\u00eb -Kruj\u00eb\u00a0n\u00eb oraret","og_url":"https:\/\/kruja.info\/en\/transporti\/","og_site_name":"Kruja.info","article_publisher":"https:\/\/www.facebook.com\/Kruja.info\/","twitter_card":"summary_large_image","twitter_misc":{"Est. reading time":"1 minute"},"schema":{"@context":"https:\/\/schema.org","@graph":[{"@type":"WebPage","@id":"https:\/\/kruja.info\/en\/transporti\/","url":"https:\/\/kruja.info\/en\/transporti\/","name":"Transporti - Kruja.info","isPartOf":{"@id":"https:\/\/kruja.info\/#website"},"datePublished":"2026-05-04T11:09:22+00:00","breadcrumb":{"@id":"https:\/\/kruja.info\/en\/transporti\/#breadcrumb"},"inLanguage":"en-GB","potentialAction":[{"@type":"ReadAction","target":["https:\/\/kruja.info\/en\/transporti\/"]}]},{"@type":"BreadcrumbList","@id":"https:\/\/kruja.info\/en\/transporti\/#breadcrumb","itemListElement":[{"@type":"ListItem","position":1,"name":"Home","item":"https:\/\/kruja.info\/"},{"@type":"ListItem","position":2,"name":"Transporti"}]},{"@type":"WebSite","@id":"https:\/\/kruja.info\/#website","url":"https:\/\/kruja.info\/","name":"Kruja.info","description":"","publisher":{"@id":"https:\/\/kruja.info\/#organization"},"potentialAction":[{"@type":"SearchAction","target":{"@type":"EntryPoint","urlTemplate":"https:\/\/kruja.info\/?s={search_term_string}"},"query-input":{"@type":"PropertyValueSpecification","valueRequired":true,"valueName":"search_term_string"}}],"inLanguage":"en-GB"},{"@type":"Organization","@id":"https:\/\/kruja.info\/#organization","name":"Kruja.info","url":"https:\/\/kruja.info\/","logo":{"@type":"ImageObject","inLanguage":"en-GB","@id":"https:\/\/kruja.info\/#\/schema\/logo\/image\/","url":"https:\/\/kruja.info\/wp-content\/uploads\/2026\/04\/cropped-cropped-cropped-cropped-125-5-2-1.png","contentUrl":"https:\/\/kruja.info\/wp-content\/uploads\/2026\/04\/cropped-cropped-cropped-cropped-125-5-2-1.png","width":524,"height":134,"caption":"Kruja.info"},"image":{"@id":"https:\/\/kruja.info\/#\/schema\/logo\/image\/"},"sameAs":["https:\/\/www.facebook.com\/Kruja.info\/"]}]}},"_links":{"self":[{"href":"https:\/\/kruja.info\/en\/wp-json\/wp\/v2\/pages\/1441","targetHints":{"allow":["GET"]}}],"collection":[{"href":"https:\/\/kruja.info\/en\/wp-json\/wp\/v2\/pages"}],"about":[{"href":"https:\/\/kruja.info\/en\/wp-json\/wp\/v2\/types\/page"}],"author":[{"embeddable":true,"href":"https:\/\/kruja.info\/en\/wp-json\/wp\/v2\/users\/1"}],"replies":[{"embeddable":true,"href":"https:\/\/kruja.info\/en\/wp-json\/wp\/v2\/comments?post=1441"}],"version-history":[{"count":1,"href":"https:\/\/kruja.info\/en\/wp-json\/wp\/v2\/pages\/1441\/revisions"}],"predecessor-version":[{"id":1442,"href":"https:\/\/kruja.info\/en\/wp-json\/wp\/v2\/pages\/1441\/revisions\/1442"}],"wp:attachment":[{"href":"https:\/\/kruja.info\/en\/wp-json\/wp\/v2\/media?parent=1441"}],"curies":[{"name":"wp","href":"https:\/\/api.w.org\/{rel}","templated":true}]}}