{"id":1439,"date":"2026-05-04T11:08:57","date_gmt":"2026-05-04T11:08:57","guid":{"rendered":"https:\/\/kruja.info\/?page_id=1439"},"modified":"2026-05-04T11:08:57","modified_gmt":"2026-05-04T11:08:57","slug":"sport","status":"publish","type":"page","link":"https:\/\/kruja.info\/en\/sport\/","title":{"rendered":"Sport"},"content":{"rendered":"<h1 style=\"text-align: justify;\"><img decoding=\"async\" class=\"wp-image-351 lazy-loaded\" src=\"https:\/\/kruja.gov.al\/wp-content\/uploads\/2016\/03\/Kastrioti-Logo.png\" sizes=\"(max-width: 176px) 100vw, 176px\" srcset=\"https:\/\/kruja.gov.al\/wp-content\/uploads\/2016\/03\/Kastrioti-Logo.png 472w, https:\/\/kruja.gov.al\/wp-content\/uploads\/2016\/03\/Kastrioti-Logo-150x150.png 150w\" alt=\"Kastrioti Logo\" width=\"176\" height=\"176\" data-lazy-type=\"image\" data-src=\"https:\/\/kruja.gov.al\/wp-content\/uploads\/2016\/03\/Kastrioti-Logo.png\" data-srcset=\"\" \/><\/h1>\n<p style=\"text-align: justify;\"><strong><u>Klubi Sportiv Kastrioti<\/u><\/strong><\/p>\n<p style=\"text-align: justify;\"><em>KS Kastrioti<\/em>, \u00ebsht\u00eb klub futbollistik shqiptar nga\u00a0<a href=\"https:\/\/sq.wikipedia.org\/wiki\/Kruja\">Kruja<\/a>,\u00a0<a href=\"https:\/\/sq.wikipedia.org\/wiki\/Shqip%C3%ABri\">Shqip\u00ebri<\/a>. Aktualisht Kastrioti militon n\u00eb Kategorin\u00eb e Par\u00eb, n\u00eb grupin e Veriut.\u00a0 Ndeshjet n\u00eb sht\u00ebpi Kastrioti i luan n\u00eb Stadiumin \u201cKastrioti\u201d q\u00eb ka nj\u00eb kapacitet prej mbi 8.000 vendesh. KS Kastrioti \u00ebsht\u00eb SH.A ku 75 % jan\u00eb donator\u00eb privat dhe 25 % e ka Bashkia e Kruj\u00ebs.<\/p>\n<p style=\"text-align: justify;\">Klubi \u00ebsht\u00eb themeluar n\u00eb vitin 1926. Pasi u shp\u00ebrb\u00eb p\u00ebrkoh\u00ebsisht n\u00eb 1949 klubi u rithemelua p\u00ebrs\u00ebri n\u00eb k\u00ebt\u00eb vit n\u00ebn emrin Kruj\u00eb. Dy vite m\u00eb von\u00eb klubi u riem\u00ebrua Puna Kruj\u00eb dhe m\u00eb 1958 ju vendos emri i m\u00ebparsh\u00ebm Kruj\u00eb. Q\u00eb prej viteve 90 klubi ka nd\u00ebrruar shpesh vendet midis Superlig\u00ebs, Kategoris\u00eb s\u00eb Pare dhe Kategoris\u00eb s\u00eb Dyt\u00eb. N\u00eb sezonin 2008-2009 Kastrioti u ngjit n\u00eb Superlig\u00eb dhe\u00a0 militoi n\u00eb k\u00ebt\u00eb kategori deri m\u00eb 2013. Pastaj do jet\u00eb n\u00eb kategorin\u00eb e par\u00eb, ku luan edhe sot, me pretendimet p\u00ebr tu ngjitur s\u00ebrisht ne Superlig\u00ebn Shqiptare.<\/p>\n<p style=\"text-align: justify;\">Q\u00eb prej Ver\u00ebs 2011 F.K Kastrioti \u00ebsht\u00eb kthyer n\u00eb Sh.A. Investimet e menj\u00ebhershme t\u00eb b\u00ebra nga presidenca e re si n\u00eb infrastruktur\u00eb ashtu edhe n\u00eb afrimin e lojtar\u00ebve cil\u00ebsor\u00eb dhe t\u00eb mir\u00ebnjohur n\u00eb Shqip\u00ebri jan\u00eb t\u00eb duksh\u00ebm dhe kan\u00eb filluar t\u00eb japin frytet e tyre. Kastrioti, momentalisht ndodhet n\u00eb pozicionet e para t\u00eb r\u00ebnditjes n\u00eb kategorin\u00eb e Par\u00eb. . N\u00eb p\u00ebrgjith\u00ebsi n\u00eb klub \u00ebsht\u00eb futur nj\u00eb frym\u00eb e re dhe optimiste e iniciuar nga investimet e b\u00ebra n\u00eb strukturat e klubit. KS Kastrioti ka si objektiv t\u00eb behet nj\u00eb nga klubet m\u00eb t\u00eb mira t\u00eb vendit.<\/p>\n<p style=\"text-align: justify;\">Kastrioti nuk ka fituar asnj\u00ebher\u00eb Superlig\u00ebn ose Kup\u00ebn e Shqip\u00ebris\u00eb por ka fituar nga nj\u00eb her\u00eb titullin kampion ne Kategorin\u00eb e Par\u00eb dhe Kategorin\u00eb e Dyt\u00eb.<\/p>\n<p style=\"text-align: justify;\">Rezultatet m\u00eb t\u00eb mira Ekipi i Kastriotit i arriti n\u00eb vitin 2012 ku shkoi n\u00eb gjys\u00ebm-finalet e Kup\u00ebs s\u00eb Republik\u00ebs dhe zuri vendin e 4-t n\u00eb klasifikimin e Superlig\u00ebs Shqiptare.<\/p>\n<p style=\"text-align: justify;\">\n<img decoding=\"async\" class=\"alignnone wp-image-353 lazy-loaded\" src=\"https:\/\/kruja.gov.al\/wp-content\/uploads\/2016\/03\/ILIRIA-logo-480x480.jpg\" sizes=\"(max-width: 193px) 100vw, 193px\" srcset=\"https:\/\/kruja.gov.al\/wp-content\/uploads\/2016\/03\/ILIRIA-logo-480x480.jpg 480w, https:\/\/kruja.gov.al\/wp-content\/uploads\/2016\/03\/ILIRIA-logo-150x150.jpg 150w, https:\/\/kruja.gov.al\/wp-content\/uploads\/2016\/03\/ILIRIA-logo.jpg 540w\" alt=\"ILIRIA logo\" width=\"193\" height=\"193\" data-lazy-type=\"image\" data-src=\"https:\/\/kruja.gov.al\/wp-content\/uploads\/2016\/03\/ILIRIA-logo-480x480.jpg\" data-srcset=\"\" \/><\/p>\n<p style=\"text-align: justify;\"><strong><u>Klubi Sportiv Iliria<\/u><\/strong><\/p>\n<p style=\"text-align: justify;\">\u00cbsht\u00eb Klubi i Nj\u00ebsis\u00eb Administrative t\u00eb Fush\u00eb Kruj\u00ebs, pjes\u00eb e Bashkis\u00eb Kruj\u00eb. Ky klub \u00ebsht\u00eb themeluar n\u00eb vitin 1991, n\u00eb saj\u00eb t\u00eb d\u00ebshir\u00ebs s\u00eb sportdash\u00ebsve t\u00eb qytetit t\u00eb Fush\u00eb Kruj\u00ebs dhe zonave p\u00ebrreth.<\/p>\n<p style=\"text-align: justify;\">Ekipi i Iliris\u00eb, \u00ebsht\u00eb n\u00eb pron\u00ebsi t\u00eb Bashkis\u00eb Kruj\u00eb dhe \u00e7do vit Bashkia jep nj\u00eb pjes\u00eb te Buxhetit p\u00ebr k\u00ebt\u00eb ekip. Historia e ekipit t\u00eb Iliris\u00eb \u00ebsht\u00eb e ndar\u00eb mes kategoris\u00eb s\u00eb Par\u00eb dhe t\u00eb dyt\u00eb, e aktualisht luan ne Kategorin\u00eb e Par\u00eb bashk\u00eb me ekipin e Kastriotit, duke dh\u00ebn\u00eb emocionet e bukura t\u00eb Derbit t\u00eb Kruj\u00ebs.<\/p>","protected":false},"excerpt":{"rendered":"<p>Klubi Sportiv Kastrioti KS Kastrioti, \u00ebsht\u00eb klub futbollistik shqiptar nga\u00a0Kruja,\u00a0Shqip\u00ebri. Aktualisht Kastrioti militon n\u00eb Kategorin\u00eb e Par\u00eb, n\u00eb<\/p>","protected":false},"author":1,"featured_media":0,"parent":0,"menu_order":0,"comment_status":"closed","ping_status":"closed","template":"","meta":{"footnotes":""},"class_list":["post-1439","page","type-page","status-publish","hentry"],"yoast_head":"<!-- This site is optimized with the Yoast SEO plugin v27.5 - https:\/\/yoast.com\/product\/yoast-seo-wordpress\/ -->\n<title>Sport - Kruja.info<\/title>\n<meta name=\"robots\" content=\"index, follow, max-snippet:-1, max-image-preview:large, max-video-preview:-1\" \/>\n<link rel=\"canonical\" href=\"https:\/\/kruja.info\/en\/sport\/\" \/>\n<meta property=\"og:locale\" content=\"en_GB\" \/>\n<meta property=\"og:type\" content=\"article\" \/>\n<meta property=\"og:title\" content=\"Sport - Kruja.info\" \/>\n<meta property=\"og:description\" content=\"Klubi Sportiv Kastrioti KS Kastrioti, \u00ebsht\u00eb klub futbollistik shqiptar nga\u00a0Kruja,\u00a0Shqip\u00ebri. Aktualisht Kastrioti militon n\u00eb Kategorin\u00eb e Par\u00eb, n\u00eb\" \/>\n<meta property=\"og:url\" content=\"https:\/\/kruja.info\/en\/sport\/\" \/>\n<meta property=\"og:site_name\" content=\"Kruja.info\" \/>\n<meta property=\"article:publisher\" content=\"https:\/\/www.facebook.com\/Kruja.info\/\" \/>\n<meta property=\"og:image\" content=\"https:\/\/kruja.gov.al\/wp-content\/uploads\/2016\/03\/Kastrioti-Logo.png\" \/>\n<meta name=\"twitter:card\" content=\"summary_large_image\" \/>\n<meta name=\"twitter:label1\" content=\"Est. reading time\" \/>\n\t<meta name=\"twitter:data1\" content=\"3 minutes\" \/>\n<script type=\"application\/ld+json\" class=\"yoast-schema-graph\">{\"@context\":\"https:\\\/\\\/schema.org\",\"@graph\":[{\"@type\":\"WebPage\",\"@id\":\"https:\\\/\\\/kruja.info\\\/en\\\/sport\\\/\",\"url\":\"https:\\\/\\\/kruja.info\\\/en\\\/sport\\\/\",\"name\":\"Sport - Kruja.info\",\"isPartOf\":{\"@id\":\"https:\\\/\\\/kruja.info\\\/#website\"},\"primaryImageOfPage\":{\"@id\":\"https:\\\/\\\/kruja.info\\\/en\\\/sport\\\/#primaryimage\"},\"image\":{\"@id\":\"https:\\\/\\\/kruja.info\\\/en\\\/sport\\\/#primaryimage\"},\"thumbnailUrl\":\"https:\\\/\\\/kruja.gov.al\\\/wp-content\\\/uploads\\\/2016\\\/03\\\/Kastrioti-Logo.png\",\"datePublished\":\"2026-05-04T11:08:57+00:00\",\"breadcrumb\":{\"@id\":\"https:\\\/\\\/kruja.info\\\/en\\\/sport\\\/#breadcrumb\"},\"inLanguage\":\"en-GB\",\"potentialAction\":[{\"@type\":\"ReadAction\",\"target\":[\"https:\\\/\\\/kruja.info\\\/en\\\/sport\\\/\"]}]},{\"@type\":\"ImageObject\",\"inLanguage\":\"en-GB\",\"@id\":\"https:\\\/\\\/kruja.info\\\/en\\\/sport\\\/#primaryimage\",\"url\":\"https:\\\/\\\/kruja.gov.al\\\/wp-content\\\/uploads\\\/2016\\\/03\\\/Kastrioti-Logo.png\",\"contentUrl\":\"https:\\\/\\\/kruja.gov.al\\\/wp-content\\\/uploads\\\/2016\\\/03\\\/Kastrioti-Logo.png\"},{\"@type\":\"BreadcrumbList\",\"@id\":\"https:\\\/\\\/kruja.info\\\/en\\\/sport\\\/#breadcrumb\",\"itemListElement\":[{\"@type\":\"ListItem\",\"position\":1,\"name\":\"Home\",\"item\":\"https:\\\/\\\/kruja.info\\\/\"},{\"@type\":\"ListItem\",\"position\":2,\"name\":\"Sport\"}]},{\"@type\":\"WebSite\",\"@id\":\"https:\\\/\\\/kruja.info\\\/#website\",\"url\":\"https:\\\/\\\/kruja.info\\\/\",\"name\":\"Kruja.info\",\"description\":\"\",\"publisher\":{\"@id\":\"https:\\\/\\\/kruja.info\\\/#organization\"},\"potentialAction\":[{\"@type\":\"SearchAction\",\"target\":{\"@type\":\"EntryPoint\",\"urlTemplate\":\"https:\\\/\\\/kruja.info\\\/?s={search_term_string}\"},\"query-input\":{\"@type\":\"PropertyValueSpecification\",\"valueRequired\":true,\"valueName\":\"search_term_string\"}}],\"inLanguage\":\"en-GB\"},{\"@type\":\"Organization\",\"@id\":\"https:\\\/\\\/kruja.info\\\/#organization\",\"name\":\"Kruja.info\",\"url\":\"https:\\\/\\\/kruja.info\\\/\",\"logo\":{\"@type\":\"ImageObject\",\"inLanguage\":\"en-GB\",\"@id\":\"https:\\\/\\\/kruja.info\\\/#\\\/schema\\\/logo\\\/image\\\/\",\"url\":\"https:\\\/\\\/kruja.info\\\/wp-content\\\/uploads\\\/2026\\\/04\\\/cropped-cropped-cropped-cropped-125-5-2-1.png\",\"contentUrl\":\"https:\\\/\\\/kruja.info\\\/wp-content\\\/uploads\\\/2026\\\/04\\\/cropped-cropped-cropped-cropped-125-5-2-1.png\",\"width\":524,\"height\":134,\"caption\":\"Kruja.info\"},\"image\":{\"@id\":\"https:\\\/\\\/kruja.info\\\/#\\\/schema\\\/logo\\\/image\\\/\"},\"sameAs\":[\"https:\\\/\\\/www.facebook.com\\\/Kruja.info\\\/\"]}]}<\/script>\n<!-- \/ Yoast SEO plugin. -->","yoast_head_json":{"title":"Sport - Kruja.info","robots":{"index":"index","follow":"follow","max-snippet":"max-snippet:-1","max-image-preview":"max-image-preview:large","max-video-preview":"max-video-preview:-1"},"canonical":"https:\/\/kruja.info\/en\/sport\/","og_locale":"en_GB","og_type":"article","og_title":"Sport - Kruja.info","og_description":"Klubi Sportiv Kastrioti KS Kastrioti, \u00ebsht\u00eb klub futbollistik shqiptar nga\u00a0Kruja,\u00a0Shqip\u00ebri. Aktualisht Kastrioti militon n\u00eb Kategorin\u00eb e Par\u00eb, n\u00eb","og_url":"https:\/\/kruja.info\/en\/sport\/","og_site_name":"Kruja.info","article_publisher":"https:\/\/www.facebook.com\/Kruja.info\/","og_image":[{"url":"https:\/\/kruja.gov.al\/wp-content\/uploads\/2016\/03\/Kastrioti-Logo.png","type":"","width":"","height":""}],"twitter_card":"summary_large_image","twitter_misc":{"Est. reading time":"3 minutes"},"schema":{"@context":"https:\/\/schema.org","@graph":[{"@type":"WebPage","@id":"https:\/\/kruja.info\/en\/sport\/","url":"https:\/\/kruja.info\/en\/sport\/","name":"Sport - Kruja.info","isPartOf":{"@id":"https:\/\/kruja.info\/#website"},"primaryImageOfPage":{"@id":"https:\/\/kruja.info\/en\/sport\/#primaryimage"},"image":{"@id":"https:\/\/kruja.info\/en\/sport\/#primaryimage"},"thumbnailUrl":"https:\/\/kruja.gov.al\/wp-content\/uploads\/2016\/03\/Kastrioti-Logo.png","datePublished":"2026-05-04T11:08:57+00:00","breadcrumb":{"@id":"https:\/\/kruja.info\/en\/sport\/#breadcrumb"},"inLanguage":"en-GB","potentialAction":[{"@type":"ReadAction","target":["https:\/\/kruja.info\/en\/sport\/"]}]},{"@type":"ImageObject","inLanguage":"en-GB","@id":"https:\/\/kruja.info\/en\/sport\/#primaryimage","url":"https:\/\/kruja.gov.al\/wp-content\/uploads\/2016\/03\/Kastrioti-Logo.png","contentUrl":"https:\/\/kruja.gov.al\/wp-content\/uploads\/2016\/03\/Kastrioti-Logo.png"},{"@type":"BreadcrumbList","@id":"https:\/\/kruja.info\/en\/sport\/#breadcrumb","itemListElement":[{"@type":"ListItem","position":1,"name":"Home","item":"https:\/\/kruja.info\/"},{"@type":"ListItem","position":2,"name":"Sport"}]},{"@type":"WebSite","@id":"https:\/\/kruja.info\/#website","url":"https:\/\/kruja.info\/","name":"Kruja.info","description":"","publisher":{"@id":"https:\/\/kruja.info\/#organization"},"potentialAction":[{"@type":"SearchAction","target":{"@type":"EntryPoint","urlTemplate":"https:\/\/kruja.info\/?s={search_term_string}"},"query-input":{"@type":"PropertyValueSpecification","valueRequired":true,"valueName":"search_term_string"}}],"inLanguage":"en-GB"},{"@type":"Organization","@id":"https:\/\/kruja.info\/#organization","name":"Kruja.info","url":"https:\/\/kruja.info\/","logo":{"@type":"ImageObject","inLanguage":"en-GB","@id":"https:\/\/kruja.info\/#\/schema\/logo\/image\/","url":"https:\/\/kruja.info\/wp-content\/uploads\/2026\/04\/cropped-cropped-cropped-cropped-125-5-2-1.png","contentUrl":"https:\/\/kruja.info\/wp-content\/uploads\/2026\/04\/cropped-cropped-cropped-cropped-125-5-2-1.png","width":524,"height":134,"caption":"Kruja.info"},"image":{"@id":"https:\/\/kruja.info\/#\/schema\/logo\/image\/"},"sameAs":["https:\/\/www.facebook.com\/Kruja.info\/"]}]}},"_links":{"self":[{"href":"https:\/\/kruja.info\/en\/wp-json\/wp\/v2\/pages\/1439","targetHints":{"allow":["GET"]}}],"collection":[{"href":"https:\/\/kruja.info\/en\/wp-json\/wp\/v2\/pages"}],"about":[{"href":"https:\/\/kruja.info\/en\/wp-json\/wp\/v2\/types\/page"}],"author":[{"embeddable":true,"href":"https:\/\/kruja.info\/en\/wp-json\/wp\/v2\/users\/1"}],"replies":[{"embeddable":true,"href":"https:\/\/kruja.info\/en\/wp-json\/wp\/v2\/comments?post=1439"}],"version-history":[{"count":1,"href":"https:\/\/kruja.info\/en\/wp-json\/wp\/v2\/pages\/1439\/revisions"}],"predecessor-version":[{"id":1440,"href":"https:\/\/kruja.info\/en\/wp-json\/wp\/v2\/pages\/1439\/revisions\/1440"}],"wp:attachment":[{"href":"https:\/\/kruja.info\/en\/wp-json\/wp\/v2\/media?parent=1439"}],"curies":[{"name":"wp","href":"https:\/\/api.w.org\/{rel}","templated":true}]}}