{"id":1437,"date":"2026-05-04T11:07:50","date_gmt":"2026-05-04T11:07:50","guid":{"rendered":"https:\/\/kruja.info\/?page_id=1437"},"modified":"2026-05-04T11:07:50","modified_gmt":"2026-05-04T11:07:50","slug":"kultura","status":"publish","type":"page","link":"https:\/\/kruja.info\/en\/kultura\/","title":{"rendered":"Kultura"},"content":{"rendered":"<p style=\"text-align: justify;\" align=\"center\"><strong>Traditat dhe kultura krutane<\/strong><\/p>\n<p style=\"text-align: justify;\">Kruja dallohet dhe p\u00ebr ekzistenc\u00ebn e nj\u00eb pazari karakteristik, me vlera t\u00eb rralla n\u00eb Ballkan. Ky pazar kulmin e ka patur n\u00eb shek. XIX-XX, kur Kruja dallohet si qend\u00ebr tregtaro-artizanale (n\u00eb k\u00ebt\u00eb koh\u00eb Kruja num\u00ebronte rreth 130 dyqane, nd\u00ebrsa sot gjenden rreth 70 t\u00eb till\u00eb). Ky pazar dallohej p\u00ebr punimin e bakrit, leshit, argjendari, prodhimin e qelesheve etj.<\/p>\n<p style=\"text-align: justify;\">Zona e Kruj\u00ebs dallohet p\u00ebr zhvillimin e zejeve t\u00eb ndryshme si punimi i gurit(q\u00eb duket n\u00eb nd\u00ebrtimin e banesave apo kalas\u00eb. Punimi dhe gdhendja e drurit q\u00eb vazhdon\u00a0 akoma dhe\u00a0 sot n\u00eb Kruj\u00eb (kjo duket n\u00eb dyert, dritaret, parmak\u00ebt etj). Punimi i leshit dhe shajakut njihej q\u00eb koh\u00eb m\u00eb par\u00eb (dallohen prodhimi i sixhadeve, qilimave apo dhe qelesheve). N\u00eb shek. XIX-XX\u00a0 kemi dhe p\u00ebrdorimin e pambukut n\u00eb prodhimin e veshjeve p\u00ebr paj\u00ebn (prik\u00ebn) e vajzave. Po k\u00ebshtu mori zhvillim dhe q\u00ebndistaria, prodhimi i coh\u00ebrave, tezgjahu etj.<\/p>\n<p style=\"text-align: justify;\" align=\"center\"><strong>Folklori,veshjet dhe festat n\u00eb Kruj\u00eb<\/strong><\/p>\n<p style=\"text-align: justify;\">Folklori i zon\u00ebs s\u00eb Kruj\u00ebs \u00ebsht\u00eb shum\u00eb i pasur.Ve\u00e7ohen k\u00ebng\u00ebt e dasmave.Grupi karakteristik \u201cPleqt\u00eb e Kruj\u00ebs\u201d (themeluar m\u00eb 1956) vazhdon akoma dhe sot t\u00eb marr\u00eb pjes\u00eb n\u00eb festivalet komb\u00ebtare e nd\u00ebrkomb\u00ebtare. Po k\u00ebshtu dhe vallet jan\u00eb t\u00eb larmishme si psh. vallet e burrave q\u00eb kan\u00eb karakter heroik dhe\u00a0 valle grash me natyr\u00eb t\u00eb g\u00ebzuar.<\/p>\n<p style=\"text-align: justify;\">P\u00ebr nga pik\u00ebpamja e veshjeve popullore dallojm\u00eb disa nj\u00ebsi etnografike.Veshja m\u00eb e vjet\u00ebr e burrave \u00ebsht\u00eb ajo me k\u00ebmish\u00eb t\u00eb gjat\u00eb dhe me dollm\u00eb prej shajaku t\u00eb bardh\u00eb. N\u00eb shek.XIX\u00a0 kjo veshje u z\u00ebvend\u00ebsua menga veshja me tirq t\u00eb bardh\u00eb dhe xhok\u00ebn e zez\u00eb. Nj\u00eb veshje e p\u00ebrdorur shum\u00eb \u00ebsht\u00eb ajo e grave qytetare me linj\u00eb t\u00eb gjat\u00eb dhe xhybe me gajtan t\u00eb zi (xhybja e q\u00ebndisur me fije ari). Kjo veshje \u00ebsht\u00eb p\u00ebrdorur\u00a0 n\u00ebp\u00ebr dasma n\u00eb shek. XIX. Vendin e k\u00ebsaj veshjeje do e z\u00ebn\u00eb Dimitet (sidomos n\u00eb dasma p\u00ebrdoreshin veshjet me dimit mermeri). Dimitet e grave krutane dallohen nga p\u00eblhurat e m\u00ebndafshta q\u00eb p\u00ebrdoren apo dhe p\u00ebr zbukurimin me fije ari apo rruaza t\u00eb bardha q\u00eb i b\u00ebhej k\u00ebmish\u00ebs dhe k\u00ebmb\u00ebve t\u00eb dimiteve (\u00e7itjan-si\u00e7 thirrej nga grat\u00eb krutane).<\/p>\n<p style=\"text-align: justify;\">Nj\u00eb pjes\u00ebmarrje t\u00eb madhe ka n\u00eb Kruj\u00eb gjat\u00eb kremtimit t\u00eb festave, sidomos atyre fetare si Kurban Bajrami, Bajrami i madh apo Sulltan Novruzi, kur njer\u00ebzit zakonisht zgjedhin si vend pelegrinazhi\u00a0 teqen\u00eb e Sari-Salltikut q\u00eb gjendet n\u00eb Malin e Kruj\u00ebs. Origjinale n\u00eb Kruj\u00eb \u00ebsht\u00eb ceremonia e p\u00ebrgatitjes dhe shprazjes s\u00eb Hashures.<\/p>\n<p style=\"text-align: justify;\">P\u00ebrve\u00e7 p\u00ebrgatitjes s\u00eb Hashures, zona e Kruj\u00ebs dallohet dhe p\u00ebr nj\u00eb kuzhin\u00eb t\u00eb pasur. Mes gjell\u00ebve karakteristike dallojm\u00eb pul\u00ebn me harapash, f\u00ebrges\u00ebn e gjiz\u00ebs me tav\u00eb dheu, byrekun, trahanan\u00eb etj.<\/p>","protected":false},"excerpt":{"rendered":"<p>Traditat dhe kultura krutane Kruja dallohet dhe p\u00ebr ekzistenc\u00ebn e nj\u00eb pazari karakteristik, me vlera t\u00eb rralla n\u00eb<\/p>","protected":false},"author":1,"featured_media":0,"parent":0,"menu_order":0,"comment_status":"closed","ping_status":"closed","template":"","meta":{"footnotes":""},"class_list":["post-1437","page","type-page","status-publish","hentry"],"yoast_head":"<!-- This site is optimized with the Yoast SEO plugin v27.5 - https:\/\/yoast.com\/product\/yoast-seo-wordpress\/ -->\n<title>Kultura - Kruja.info<\/title>\n<meta name=\"robots\" content=\"index, follow, max-snippet:-1, max-image-preview:large, max-video-preview:-1\" \/>\n<link rel=\"canonical\" href=\"https:\/\/kruja.info\/en\/kultura\/\" \/>\n<meta property=\"og:locale\" content=\"en_GB\" \/>\n<meta property=\"og:type\" content=\"article\" \/>\n<meta property=\"og:title\" content=\"Kultura - Kruja.info\" \/>\n<meta property=\"og:description\" content=\"Traditat dhe kultura krutane Kruja dallohet dhe p\u00ebr ekzistenc\u00ebn e nj\u00eb pazari karakteristik, me vlera t\u00eb rralla n\u00eb\" \/>\n<meta property=\"og:url\" content=\"https:\/\/kruja.info\/en\/kultura\/\" \/>\n<meta property=\"og:site_name\" content=\"Kruja.info\" \/>\n<meta property=\"article:publisher\" content=\"https:\/\/www.facebook.com\/Kruja.info\/\" \/>\n<meta name=\"twitter:card\" content=\"summary_large_image\" \/>\n<meta name=\"twitter:label1\" content=\"Est. reading time\" \/>\n\t<meta name=\"twitter:data1\" content=\"3 minutes\" \/>\n<script type=\"application\/ld+json\" class=\"yoast-schema-graph\">{\"@context\":\"https:\\\/\\\/schema.org\",\"@graph\":[{\"@type\":\"WebPage\",\"@id\":\"https:\\\/\\\/kruja.info\\\/en\\\/kultura\\\/\",\"url\":\"https:\\\/\\\/kruja.info\\\/en\\\/kultura\\\/\",\"name\":\"Kultura - Kruja.info\",\"isPartOf\":{\"@id\":\"https:\\\/\\\/kruja.info\\\/#website\"},\"datePublished\":\"2026-05-04T11:07:50+00:00\",\"breadcrumb\":{\"@id\":\"https:\\\/\\\/kruja.info\\\/en\\\/kultura\\\/#breadcrumb\"},\"inLanguage\":\"en-GB\",\"potentialAction\":[{\"@type\":\"ReadAction\",\"target\":[\"https:\\\/\\\/kruja.info\\\/en\\\/kultura\\\/\"]}]},{\"@type\":\"BreadcrumbList\",\"@id\":\"https:\\\/\\\/kruja.info\\\/en\\\/kultura\\\/#breadcrumb\",\"itemListElement\":[{\"@type\":\"ListItem\",\"position\":1,\"name\":\"Home\",\"item\":\"https:\\\/\\\/kruja.info\\\/\"},{\"@type\":\"ListItem\",\"position\":2,\"name\":\"Kultura\"}]},{\"@type\":\"WebSite\",\"@id\":\"https:\\\/\\\/kruja.info\\\/#website\",\"url\":\"https:\\\/\\\/kruja.info\\\/\",\"name\":\"Kruja.info\",\"description\":\"\",\"publisher\":{\"@id\":\"https:\\\/\\\/kruja.info\\\/#organization\"},\"potentialAction\":[{\"@type\":\"SearchAction\",\"target\":{\"@type\":\"EntryPoint\",\"urlTemplate\":\"https:\\\/\\\/kruja.info\\\/?s={search_term_string}\"},\"query-input\":{\"@type\":\"PropertyValueSpecification\",\"valueRequired\":true,\"valueName\":\"search_term_string\"}}],\"inLanguage\":\"en-GB\"},{\"@type\":\"Organization\",\"@id\":\"https:\\\/\\\/kruja.info\\\/#organization\",\"name\":\"Kruja.info\",\"url\":\"https:\\\/\\\/kruja.info\\\/\",\"logo\":{\"@type\":\"ImageObject\",\"inLanguage\":\"en-GB\",\"@id\":\"https:\\\/\\\/kruja.info\\\/#\\\/schema\\\/logo\\\/image\\\/\",\"url\":\"https:\\\/\\\/kruja.info\\\/wp-content\\\/uploads\\\/2026\\\/04\\\/cropped-cropped-cropped-cropped-125-5-2-1.png\",\"contentUrl\":\"https:\\\/\\\/kruja.info\\\/wp-content\\\/uploads\\\/2026\\\/04\\\/cropped-cropped-cropped-cropped-125-5-2-1.png\",\"width\":524,\"height\":134,\"caption\":\"Kruja.info\"},\"image\":{\"@id\":\"https:\\\/\\\/kruja.info\\\/#\\\/schema\\\/logo\\\/image\\\/\"},\"sameAs\":[\"https:\\\/\\\/www.facebook.com\\\/Kruja.info\\\/\"]}]}<\/script>\n<!-- \/ Yoast SEO plugin. -->","yoast_head_json":{"title":"Kultura - Kruja.info","robots":{"index":"index","follow":"follow","max-snippet":"max-snippet:-1","max-image-preview":"max-image-preview:large","max-video-preview":"max-video-preview:-1"},"canonical":"https:\/\/kruja.info\/en\/kultura\/","og_locale":"en_GB","og_type":"article","og_title":"Kultura - Kruja.info","og_description":"Traditat dhe kultura krutane Kruja dallohet dhe p\u00ebr ekzistenc\u00ebn e nj\u00eb pazari karakteristik, me vlera t\u00eb rralla n\u00eb","og_url":"https:\/\/kruja.info\/en\/kultura\/","og_site_name":"Kruja.info","article_publisher":"https:\/\/www.facebook.com\/Kruja.info\/","twitter_card":"summary_large_image","twitter_misc":{"Est. reading time":"3 minutes"},"schema":{"@context":"https:\/\/schema.org","@graph":[{"@type":"WebPage","@id":"https:\/\/kruja.info\/en\/kultura\/","url":"https:\/\/kruja.info\/en\/kultura\/","name":"Kultura - Kruja.info","isPartOf":{"@id":"https:\/\/kruja.info\/#website"},"datePublished":"2026-05-04T11:07:50+00:00","breadcrumb":{"@id":"https:\/\/kruja.info\/en\/kultura\/#breadcrumb"},"inLanguage":"en-GB","potentialAction":[{"@type":"ReadAction","target":["https:\/\/kruja.info\/en\/kultura\/"]}]},{"@type":"BreadcrumbList","@id":"https:\/\/kruja.info\/en\/kultura\/#breadcrumb","itemListElement":[{"@type":"ListItem","position":1,"name":"Home","item":"https:\/\/kruja.info\/"},{"@type":"ListItem","position":2,"name":"Kultura"}]},{"@type":"WebSite","@id":"https:\/\/kruja.info\/#website","url":"https:\/\/kruja.info\/","name":"Kruja.info","description":"","publisher":{"@id":"https:\/\/kruja.info\/#organization"},"potentialAction":[{"@type":"SearchAction","target":{"@type":"EntryPoint","urlTemplate":"https:\/\/kruja.info\/?s={search_term_string}"},"query-input":{"@type":"PropertyValueSpecification","valueRequired":true,"valueName":"search_term_string"}}],"inLanguage":"en-GB"},{"@type":"Organization","@id":"https:\/\/kruja.info\/#organization","name":"Kruja.info","url":"https:\/\/kruja.info\/","logo":{"@type":"ImageObject","inLanguage":"en-GB","@id":"https:\/\/kruja.info\/#\/schema\/logo\/image\/","url":"https:\/\/kruja.info\/wp-content\/uploads\/2026\/04\/cropped-cropped-cropped-cropped-125-5-2-1.png","contentUrl":"https:\/\/kruja.info\/wp-content\/uploads\/2026\/04\/cropped-cropped-cropped-cropped-125-5-2-1.png","width":524,"height":134,"caption":"Kruja.info"},"image":{"@id":"https:\/\/kruja.info\/#\/schema\/logo\/image\/"},"sameAs":["https:\/\/www.facebook.com\/Kruja.info\/"]}]}},"_links":{"self":[{"href":"https:\/\/kruja.info\/en\/wp-json\/wp\/v2\/pages\/1437","targetHints":{"allow":["GET"]}}],"collection":[{"href":"https:\/\/kruja.info\/en\/wp-json\/wp\/v2\/pages"}],"about":[{"href":"https:\/\/kruja.info\/en\/wp-json\/wp\/v2\/types\/page"}],"author":[{"embeddable":true,"href":"https:\/\/kruja.info\/en\/wp-json\/wp\/v2\/users\/1"}],"replies":[{"embeddable":true,"href":"https:\/\/kruja.info\/en\/wp-json\/wp\/v2\/comments?post=1437"}],"version-history":[{"count":1,"href":"https:\/\/kruja.info\/en\/wp-json\/wp\/v2\/pages\/1437\/revisions"}],"predecessor-version":[{"id":1438,"href":"https:\/\/kruja.info\/en\/wp-json\/wp\/v2\/pages\/1437\/revisions\/1438"}],"wp:attachment":[{"href":"https:\/\/kruja.info\/en\/wp-json\/wp\/v2\/media?parent=1437"}],"curies":[{"name":"wp","href":"https:\/\/api.w.org\/{rel}","templated":true}]}}