{"id":1435,"date":"2026-05-04T11:07:08","date_gmt":"2026-05-04T11:07:08","guid":{"rendered":"https:\/\/kruja.info\/?page_id=1435"},"modified":"2026-05-04T11:07:08","modified_gmt":"2026-05-04T11:07:08","slug":"pozita-gjeografike","status":"publish","type":"page","link":"https:\/\/kruja.info\/en\/pozita-gjeografike\/","title":{"rendered":"Pozita Gjeografike"},"content":{"rendered":"<p style=\"text-align: justify;\">Bashkia e Kruj\u00ebs gjendet n\u00eb pjes\u00ebn veriore t\u00eb Shqip\u00ebris\u00eb s\u00eb mesme. Shtrihet midis kodrave t\u00eb Ishmit, fushave te Kamz\u00ebs, malit t\u00eb Dajtit, zon\u00ebs s\u00eb Mnerit, Qaf\u00eb-Shtam\u00ebs, malit Sk\u00ebnderbej dhe zon\u00ebs s\u00eb Kurbinit. Kufizohet me Bashkin\u00eb La\u00e7, Durr\u00ebs, Vor\u00eb, Kam\u00ebz, Tiran\u00eb edhe Mat. Ajo shtrihet n\u00eb nj\u00eb sip\u00ebrfaqje prej 339.02 km2. Relievi i zon\u00ebs paraqet nj\u00eb mozaik formash dhe tipologjish me lart\u00ebsira q\u00eb zbresin gradualisht n\u00eb drejtimin lindje-per\u00ebndim. Zona fushore shtrihet n\u00eb per\u00ebndim midis kodrave t\u00eb Ishmit \u2013 Prez\u00eb, Tapiz\u00eb, Krast\u00eb Kruj\u00eb. Zona kodrinore ka nj\u00eb lart\u00ebsi 100-300 m lartesi mbi nivelin e detit. Zona malore p\u00ebrb\u00ebhet nga dy vargje paralele me drejtim veri-perendim dhe jug-lindje. Vargu Kruje-Dajt dhe vargu Skenderbej (maja e Liqenit qe \u00ebsht\u00eb dhe maja m\u00eb e lart\u00eb e rrethit Kruje). Bashkia ka si qend\u00ebr qytetin Kruj\u00ebs q\u00eb shtrihet n\u00eb faqen per\u00ebndimore t\u00eb malit t\u00eb Kruj\u00ebs me nj\u00eb lart\u00ebsi 600 m mbi nivelin e detit.<\/p>\n<p style=\"text-align: justify;\">Kjo bashki p\u00ebrb\u00ebhet nga 6 nj\u00ebsi administrative, t\u00eb cilat jan\u00eb: Kruj\u00eb, Fush\u00eb-Kruj\u00eb, Bubq, Nik\u00ebl, Thuman\u00eb dhe Cudhi. N\u00eb bashkin\u00eb e re gjenden dy qytete dhe 50 fshatra. T\u00eb gjitha nj\u00ebsit\u00eb jan\u00eb pjes\u00eb e Rrethit Kruj\u00eb t\u00eb Qarkut Durr\u00ebs.\u00a0Sipas Censusit t\u00eb vitit 2011 Kruja ka 59.814 banor\u00eb. Nd\u00ebrkoh\u00eb q\u00eb sipas Regjistrit Civil kjo bashki num\u00ebron nj\u00eb popullsi prej 79.608 vet\u00ebsh. Kruja ka nj\u00eb sip\u00ebrfaqe prej 339.02 km<sup>2<\/sup>. Sipas Censusit, densiteti i popullsis\u00eb \u00ebsht\u00eb 176.43 banor\u00eb\/km<sup>2\u00a0<\/sup>nd\u00ebrsa sipas Regjistrit Civil dend\u00ebsia \u00ebsht\u00eb 234.81 banor\u00eb\/km<sup>2<\/sup>. Referuar t\u00eb dh\u00ebnave nga Regjistri i Gjendjes Civile, Nj\u00ebsia m\u00eb e madhe administrative \u00ebsht\u00eb Fush\u00eb Kruja, me 27,076 banor\u00eb dhe 7,704 familje. Thuman\u00eb me 16.563 dhe 2.929 familje, Kruja me 16,345 banor\u00eb dhe 5,129 familje, Nik\u00ebl me 10,563 banor\u00eb dhe 2,929 familje. Nj\u00ebsia Bubq me 8,805 banor\u00eb dhe 2,495 familje dhe Nj\u00ebsia Cudhi me 2,988 banor\u00eb dhe 987 familje. Rritja e popullsis\u00eb \u00ebsht\u00eb me 2,964 banor\u00eb nga viti 2015. Mesatarisht 741 banor\u00eb n\u00eb vit. Shtimin natyror m\u00eb t\u00eb madh e ka Nj\u00ebsia Fush\u00eb Kruj\u00eb me 319 banor\u00eb n\u00eb vit, Thuman\u00eb me 190 banor\u00eb, Kruj\u00eb 51 banor\u00eb, Bubq me 74 banor\u00eb, Nik\u00ebl me 107 banor\u00eb dhe Cudhi n\u00eb vlera negative -10 banor\u00eb. N\u00eb Bashkin\u00eb Kruj\u00eb ka 27 shkolla q\u00eb jan\u00eb drejtori dhe 11 jan\u00eb vart\u00ebse. Nd\u00ebrsa godina t\u00eb arsimit parashkollor jan\u00eb 30 godina ( 2 \u00e7erdhe dhe 28 kopshte). Nd\u00ebrkoh\u00eb, Qendra Sh\u00ebndet\u00ebsore jan\u00eb 6 dhe 36 ambulanca.<\/p>\n<p style=\"text-align: justify;\"><a href=\"https:\/\/kruja.gov.al\/wp-content\/uploads\/2016\/02\/Screen-Shot-2016-06-13-at-3.01.31-PM.png\"><img fetchpriority=\"high\" decoding=\"async\" class=\"lazy-loaded aligncenter wp-image-553\" src=\"https:\/\/kruja.gov.al\/wp-content\/uploads\/2016\/02\/Screen-Shot-2016-06-13-at-3.01.31-PM-1024x398.png\" sizes=\"(max-width: 500px) 100vw, 500px\" srcset=\"https:\/\/kruja.gov.al\/wp-content\/uploads\/2016\/02\/Screen-Shot-2016-06-13-at-3.01.31-PM-1024x398.png 1024w, https:\/\/kruja.gov.al\/wp-content\/uploads\/2016\/02\/Screen-Shot-2016-06-13-at-3.01.31-PM-480x186.png 480w, https:\/\/kruja.gov.al\/wp-content\/uploads\/2016\/02\/Screen-Shot-2016-06-13-at-3.01.31-PM.png 1136w\" alt=\"Screen Shot 2016-06-13 at 3.01.31 PM\" width=\"1187\" height=\"461\" data-lazy-type=\"image\" data-src=\"https:\/\/kruja.gov.al\/wp-content\/uploads\/2016\/02\/Screen-Shot-2016-06-13-at-3.01.31-PM-1024x398.png\" data-srcset=\"\" \/><\/a><\/p>\n<p style=\"text-align: justify;\">Pik\u00ebrisht vendodhja gjeografike ku shtrihet Bashkia e Kruj\u00ebs, si kufizim i r\u00ebnd\u00ebsish\u00ebm i rrug\u00ebve q\u00eb lidh veriun me jugun, lindjen me per\u00ebndimin. Gjat\u00eb rrug\u00ebve nuk mungojn\u00eb krojet e shumta, rrapet q\u00eb sh\u00ebrbenin si pika pushimi p\u00ebr k\u00ebmb\u00ebsor\u00ebt e jo rast\u00ebsisht jan\u00eb pran\u00eb rrug\u00ebve kryesore t\u00eb mesjet\u00ebs. Vendabanimet e lashta ilire, nd\u00ebrtimi i k\u00ebshtjell\u00ebs s\u00eb Kruj\u00ebs dhe urbanizimi i zonave p\u00ebrreth, kusht\u00ebzuan zhvillimin e jet\u00ebs dhe veprimtaris\u00eb njer\u00ebzore duke zhvilluar kultur\u00ebn dhe identitetin shqiptar mes periudh\u00ebs ilire dhe mesjetare. Fal\u00eb pozit\u00ebs gjeografike nxit\u00ebn zhvillimin e jet\u00ebs si\u00e7 \u00ebsht\u00eb rasti i Zg\u00ebrdheshit, si trash\u00ebgimi e past\u00ebr e qytet\u00ebrimit ilir n\u00eb pjes\u00ebn m\u00eb t\u00eb lart\u00eb t\u00eb kodr\u00ebs n\u00eb fshatin Halil apo dhe zhvillimi i qyteterimit mesjetar dhe rezistenc\u00ebs ndaj osmanizimit n\u00eb pjes\u00ebn m\u00eb t\u00eb lart\u00eb t\u00eb qytetit Kruj\u00eb, n\u00eb nj\u00eb shk\u00ebmb malor t\u00eb qytetit Kruj\u00eb.<\/p>\n<p style=\"text-align: justify;\">Kruja \u00ebsht\u00eb nj\u00eb nga qytetet m\u00eb me histori nga t\u00eb gjitha ato shqiptare. Ajo karakterizohet jo vet\u00ebm p\u00ebr gjeografin\u00eb e ve\u00e7ant\u00eb, kalan\u00eb mbres\u00ebl\u00ebn\u00ebse por dhe shum\u00eb tradita t\u00eb p\u00ebrcjella brez pas brezi. Historia q\u00eb u thurr n\u00eb qytetin e lasht\u00eb na b\u00ebn t\u00eb ndihemi krenar sa her\u00eb q\u00eb e vizitojm\u00eb. Duke mos harruar betejat e Sk\u00ebnderbeut, folklorin e shum\u00eb tradita krutane<\/p>\n<p style=\"text-align: justify;\"><strong>Si shkohet: \u00a0<\/strong>Larg\u00ebsia e Tiran\u00ebs nga Kruja \u00ebsht\u00eb 37 km. N\u00ebse udh\u00ebtoni me mjete publike, furgonat p\u00ebr n\u00eb Kruj\u00eb nisen n\u00eb fund t\u00eb Rrug\u00ebs Mine Peza. Rruga p\u00ebr n\u00eb Kruj\u00eb kalon nga kryq\u00ebzimi i Kamz\u00ebs, Ura e Tapiz\u00ebs, merr djathtas p\u00ebr n\u00eb Fush\u00eb-Kruj\u00eb pasi keni l\u00ebn\u00eb autostrad\u00ebn Tiran\u00eb-Lezh\u00eb dhe pasi jeni futur n\u00eb zon\u00ebn e Fush\u00eb-Kruj\u00ebs, vazhdoni n\u00eb dalje drejt lindjes. Pak para se t\u2019i ngjiteni malit, n\u00eb t\u00eb djatht\u00eb ndodhet qyteti ilir i Albanopolisit.<\/p>\n<p style=\"text-align: justify;\">Pa dyshim mund t\u00eb quhet aktraksioni m\u00eb i madh turistik n\u00eb Shqip\u00ebri, si p\u00ebr t\u00eb huajt ashtu edhe p\u00ebr ne. \u00c7do dit\u00eb pret vizitor\u00eb t\u00eb shumt\u00eb n\u00eb num\u00ebr t\u00eb cil\u00ebt shijojn\u00eb nj\u00eb rikthim n\u00eb epok\u00ebn mesjetare mes mureve t\u00eb kalas\u00eb dhe rrugicave me gur\u00eb, pamjen mahnit\u00ebse q\u00eb t\u00eb shfaqet, muzeumet e historis\u00eb dhe tradit\u00ebs. E pa harruar pazarin e famsh\u00ebm ku asnj\u00eb nuk i shp\u00ebton tundimit p\u00ebr t\u00eb bler\u00eb sende dhe objekte t\u00eb vjetra q\u00eb vet\u00ebm aty mund ti gjesh.<\/p>\n<div style=\"text-align: justify;\">\n<table cellspacing=\"0\" cellpadding=\"0\">\n<tbody>\n<tr>\n<td align=\"left\" valign=\"top\">\u00cbsht\u00eb e habitshme sesi sa her\u00eb q\u00eb planifikojm\u00eb t\u00eb nisemi p\u00ebr n\u00eb Kruj\u00eb, b\u00ebn gjithmon\u00eb koh\u00eb e bukur.<\/td>\n<\/tr>\n<\/tbody>\n<\/table>\n<\/div>\n<p style=\"text-align: justify;\">Ndoshta sepse edhe vet\u00eb Zoti e natyra, ka d\u00ebshir\u00eb q\u00eb ta shijojm\u00eb plot\u00ebsisht qoft\u00eb pamjen e mbledhur t\u00eb Kruj\u00ebs, strukur n\u00eb gji t\u00eb Malit t\u00eb Sk\u00ebnderbeut, nga posht\u00eb rrug\u00ebs automobilistike, derisa arrijm\u00eb n\u00eb Fush\u00eb-Kruj\u00eb, qoft\u00eb at\u00eb rrug\u00ebn e mrekullueshme me pisha q\u00eb gjarp\u00ebron p\u00ebrgjat\u00eb malit, derisa hyn n\u00eb portat e Kruj\u00ebs. Vet\u00ebm se, pa shum\u00eb iluzione p\u00ebr mrekullira tashm\u00eb, qyshkurse gomat e makinave djegin zjarre t\u00eb zinj p\u00ebr t\u00eb shuar g\u00eblqere t\u00eb bardh\u00eb, e qyshkurse fabrikat zinxhir t\u00eb \u00e7imentos, pluhurosin rrug\u00ebt e Kruj\u00ebs. \u00cbsht\u00eb m\u00ebkat i madh n\u00eb fakt, masakrimi total i peisazhit t\u00eb mrekulluesh\u00ebm, q\u00eb dikur t\u00eb rr\u00ebmbente, edhe tej, larg, nd\u00ebrkaq q\u00eb makina kalonte mbi ur\u00ebn e Tapiz\u00ebs, vazhdoje p\u00ebrgjat\u00eb rrug\u00ebs s\u00eb Nik\u00eblit \u2013 tanim\u00eb e mbjell\u00eb me dyqane mobiljesh \u2013 e derisa kaloje Fush\u00ebkruj\u00ebn e hyje n\u00eb zon\u00ebn q\u00eb i p\u00ebrket Mamurrasit.<\/p>\n<p style=\"text-align: justify;\">Mir\u00ebpo kartolina e shqyer e Kruj\u00ebs, nuk paska shum\u00eb efekt n\u00eb \u201cp\u00ebrz\u00ebnien\u201d e turist\u00ebve, ata vazhdojn\u00eb ta m\u00ebsyjn\u00eb qytetin me po aq interes sa para masakr\u00ebs, me sa duket t\u00eb sugjestionuar prej faktit se aty jetoi Sk\u00ebnderbeu- i vetmi burr\u00eb shqiptar q\u00eb bota e njeh si atlet t\u00eb Krishtit. E Kruja \u00ebsht\u00eb magjeps\u00ebse edhe p\u00ebr ne, q\u00eb s\u2019kemi si t\u00eb mos e dashurojm\u00eb p\u00ebr dy arsye; sepse ajo \u00ebsht\u00eb mbret\u00ebresha e historis\u00eb shqiptare, e sepse fiset q\u00eb kan\u00eb jetuar n\u00eb t\u00eb, na kan\u00eb dh\u00ebn\u00eb emrin q\u00eb ne sot mbajm\u00eb n\u00eb bot\u00eb. N\u00eb k\u00ebmb\u00ebt e Kruj\u00ebs jetuan Alban\u00ebt, em\u00ebr t\u00eb cilin e trash\u00ebguam nga shekujt e larg\u00ebt e me t\u00eb cilin na th\u00ebrret sot bota mbar\u00eb.<\/p>\n<p style=\"text-align: justify;\">Albanopolisi sot \u00ebsht\u00eb nj\u00eb grumbull rr\u00ebnojash me gur\u00eb t\u00eb m\u00ebdhenj metrosh\u00eb e dymetrosh\u00eb, ca mure rrethuese q\u00eb i ngjiten kodr\u00ebs shkall\u00eb-shkall\u00eb, e tek-tuk ndonj\u00eb cop\u00ebz m\u00eb shum\u00eb, ashtu si\u00e7 jan\u00eb edhe shumica e parqeve arkeologjike n\u00eb Shqip\u00ebri, duke ruajtur pak ose aspak prej lavdis\u00eb dhe shk\u00eblqimit t\u00eb dikursh\u00ebm. Por gjurma, ekzistuese dhe kryene\u00e7e, \u00ebsht\u00eb aty, p\u00ebr t\u00eb na treguar se shqiptar\u00ebt (apo qofshin Alban\u00ebt, Pleurat\u00ebt, Enkeljet\u00eb, Adrian\u00ebt, Labeat\u00ebt e, Arbrit m\u00eb von\u00eb), e pask\u00ebshin njohur qytet\u00ebrimin shum\u00eb shum\u00eb her\u00ebt, aq mir\u00eb sa nuk e njohin ndoshta shum\u00eb nga shqiptar\u00ebt e sot\u00ebm.<\/p>\n<p style=\"text-align: justify;\">Gjithsesi, sot jemi p\u00ebr n\u00eb Kruj\u00eb, na t\u00ebrheqin shum\u00eb kalldr\u00ebmet mesjetare, kullat e kalas\u00eb, sht\u00ebpit\u00eb karakteristike brenda rrethit t\u00eb kalas\u00eb e gjith\u00e7ka tjet\u00ebr q\u00eb mban era histori dhe tradit\u00eb.<\/p>\n<p style=\"text-align: justify;\"><strong>Tek portat e Kruj\u00ebs<\/strong><\/p>\n<p style=\"text-align: justify;\">Makina medoemos duhet t\u00eb q\u00ebndroj\u00eb posht\u00eb, e sido q\u00eb t\u00eb p\u00ebrpiqemi t\u2019i afrohemi rrezes s\u00eb kalas\u00eb mbi rrota, nuk shkojm\u00eb dot m\u00eb larg sesa tek parkimi me pages\u00eb tek sheshi i vog\u00ebl i mbushur me lokale e me lule kacavjerr\u00ebse. Kalldr\u00ebmin e bukur do ta p\u00ebrshkojm\u00eb n\u00eb k\u00ebmb\u00eb, duke kullotur syt\u00eb n\u00eb tezgat e shumta p\u00ebrgjat\u00eb t\u00eb dy an\u00ebve t\u00eb rrug\u00ebs, t\u00eb cilat vazhdojn\u00eb n\u00ebp\u00ebr tunel, e dalin n\u00eb oborrin e jasht\u00ebm, ose m\u00eb mir\u00eb t\u00eb themi n\u00eb sheshin e mbushur dingas me njer\u00ebz, tezga, suvenire, restorante, shkrepje aparatesh, vizitor\u00eb q\u00eb pozojn\u00eb pa fund ball\u00eb fasad\u00ebs s\u00eb Muzeut Historik, e gjith\u00e7ka tjet\u00ebr q\u00eb p\u00ebrb\u00ebn gjall\u00ebrin\u00eb e nevojshme t\u00eb nj\u00eb qendre turistike.<\/p>\n<p style=\"text-align: justify;\">Restorante t\u00eb shumt\u00eb kan\u00eb mbushur k\u00ebt\u00eb shesh p\u00ebrqark dhe brenda ambienteve t\u00eb kalas\u00eb, e kjo \u00ebsht\u00eb nj\u00eb gj\u00eb e trishtueshme po t\u00eb mendosh se shumic\u00ebn e njer\u00ebzve mund t\u2019i ket\u00eb sjell\u00eb k\u00ebtu kuzhina e mrekullueshme e Lulit, n\u00eb restorantin e tij \u201cAlba\u201d, apo gatimet me fam\u00eb t\u00eb restorant \u201cBardhit\u201d e k\u00ebshtu me radh\u00eb. Por ana e mir\u00eb e k\u00ebsaj dukurie q\u00eb r\u00ebndom po p\u00ebrhapet n\u00eb sitet kulturore shqiptare \u00ebsht\u00eb se k\u00ebto restorante e hotele, p\u00ebrpiqen t\u00eb mos shkat\u00ebrrojn\u00eb peisazhin ose dukjen e arkitektur\u00ebs, duke ruajtur shum\u00eb prej elementeve t\u00eb nd\u00ebrtesave ekzistuese, qeramik\u00eb, gur, dru, hekur i rrahur etj. Oborri i \u201cAlb\u00ebs\u201d ku hyjm\u00eb t\u00eb pijm\u00eb nj\u00eb kafe, nd\u00ebrkoh\u00eb q\u00eb na pret krah\u00ebhapur i zoti i sht\u00ebpis\u00eb, nuk ka ndonj\u00eb ndryshim nga kalldr\u00ebmi i jasht\u00ebm i sheshit e gjithashtu veshja e mureve me tull\u00eb, tavolinat e zbukuruara me mbulesa t\u00eb punuara me dor\u00eb po nga artizanet e Kruj\u00ebs, e ruajn\u00eb m\u00eb s\u00eb miri dukjen shqiptare.<\/p>\n<p style=\"text-align: justify;\">T\u00eb huajt preferojn\u00eb gatimet shqiptare si tav\u00eb dheu, kabuni, apo mish t\u00eb pjekur n\u00eb hell. \u201cKjo \u00ebsht\u00eb nj\u00eb gj\u00eb q\u00eb ndodh gjithmon\u00eb, -thot\u00eb Luli. T\u00eb huajt k\u00ebrkojn\u00eb kuzhin\u00eb shqiptare dhe m\u00eb pyesin vazhdimisht p\u00ebr vende ku duan t\u00eb shkojn\u00eb t\u00eb shohin di\u00e7ka. Fundja ata p\u00ebr k\u00ebt\u00eb kan\u00eb ardhur. N\u00ebse nuk jan\u00eb pjes\u00eb e nj\u00eb grupi, duan q\u00eb t\u2019i \u00e7osh n\u00eb Sarisalltik, nganj\u00ebher\u00eb edhe deri n\u00eb Qafshtam\u00eb, ose k\u00ebrkojn\u00eb informacione p\u00ebr Muzeun Etnografik, duan t\u00eb din\u00eb se \u00e7far\u00eb mund t\u00eb blejn\u00eb posht\u00eb tek pazari q\u00eb t\u00eb jet\u00eb me vler\u00eb\u201d- p\u00ebrfundon ai.<\/p>\n<p style=\"text-align: justify;\">Zot\u00ebron kryesisht klim\u00eb mesdhetare malore me dim\u00ebr t\u00eb ftoht\u00eb e ver\u00eb t\u00eb fresk\u00ebt. Reshjet e pranishme jan\u00eb kryesisht n\u00eb form\u00eb shiu por nuk p\u00ebrjashtohen edhe reshjet d\u00ebbor\u00ebs. Temperaturat mesatare luhaten mes 07-10 grad\u00eb Celcius n\u00eb dim\u00ebr dhe 25-32 grad\u00eb Celcius n\u00eb ver\u00eb.<\/p>\n<p style=\"text-align: justify;\">STATISTIKA<\/p>\n<p style=\"text-align: justify;\">Ne bashkine Kruje ka 30 cerdhe dhe kopshte, 1 spital, 6 qendra shendetesore dhe 32 ambulanca.<\/p>","protected":false},"excerpt":{"rendered":"<p>Bashkia e Kruj\u00ebs gjendet n\u00eb pjes\u00ebn veriore t\u00eb Shqip\u00ebris\u00eb s\u00eb mesme. Shtrihet midis kodrave t\u00eb Ishmit, fushave te<\/p>","protected":false},"author":1,"featured_media":0,"parent":0,"menu_order":0,"comment_status":"closed","ping_status":"closed","template":"","meta":{"footnotes":""},"class_list":["post-1435","page","type-page","status-publish","hentry"],"yoast_head":"<!-- This site is optimized with the Yoast SEO plugin v27.5 - https:\/\/yoast.com\/product\/yoast-seo-wordpress\/ -->\n<title>Pozita Gjeografike - Kruja.info<\/title>\n<meta name=\"robots\" content=\"index, follow, max-snippet:-1, max-image-preview:large, max-video-preview:-1\" \/>\n<link rel=\"canonical\" href=\"https:\/\/kruja.info\/en\/pozita-gjeografike\/\" \/>\n<meta property=\"og:locale\" content=\"en_GB\" \/>\n<meta property=\"og:type\" content=\"article\" \/>\n<meta property=\"og:title\" content=\"Pozita Gjeografike - Kruja.info\" \/>\n<meta property=\"og:description\" content=\"Bashkia e Kruj\u00ebs gjendet n\u00eb pjes\u00ebn veriore t\u00eb Shqip\u00ebris\u00eb s\u00eb mesme. Shtrihet midis kodrave t\u00eb Ishmit, fushave te\" \/>\n<meta property=\"og:url\" content=\"https:\/\/kruja.info\/en\/pozita-gjeografike\/\" \/>\n<meta property=\"og:site_name\" content=\"Kruja.info\" \/>\n<meta property=\"article:publisher\" content=\"https:\/\/www.facebook.com\/Kruja.info\/\" \/>\n<meta property=\"og:image\" content=\"https:\/\/kruja.gov.al\/wp-content\/uploads\/2016\/02\/Screen-Shot-2016-06-13-at-3.01.31-PM-1024x398.png\" \/>\n<meta name=\"twitter:card\" content=\"summary_large_image\" \/>\n<meta name=\"twitter:label1\" content=\"Est. reading time\" \/>\n\t<meta name=\"twitter:data1\" content=\"9 minutes\" \/>\n<script type=\"application\/ld+json\" class=\"yoast-schema-graph\">{\"@context\":\"https:\\\/\\\/schema.org\",\"@graph\":[{\"@type\":\"WebPage\",\"@id\":\"https:\\\/\\\/kruja.info\\\/en\\\/pozita-gjeografike\\\/\",\"url\":\"https:\\\/\\\/kruja.info\\\/en\\\/pozita-gjeografike\\\/\",\"name\":\"Pozita Gjeografike - Kruja.info\",\"isPartOf\":{\"@id\":\"https:\\\/\\\/kruja.info\\\/#website\"},\"primaryImageOfPage\":{\"@id\":\"https:\\\/\\\/kruja.info\\\/en\\\/pozita-gjeografike\\\/#primaryimage\"},\"image\":{\"@id\":\"https:\\\/\\\/kruja.info\\\/en\\\/pozita-gjeografike\\\/#primaryimage\"},\"thumbnailUrl\":\"https:\\\/\\\/kruja.gov.al\\\/wp-content\\\/uploads\\\/2016\\\/02\\\/Screen-Shot-2016-06-13-at-3.01.31-PM-1024x398.png\",\"datePublished\":\"2026-05-04T11:07:08+00:00\",\"breadcrumb\":{\"@id\":\"https:\\\/\\\/kruja.info\\\/en\\\/pozita-gjeografike\\\/#breadcrumb\"},\"inLanguage\":\"en-GB\",\"potentialAction\":[{\"@type\":\"ReadAction\",\"target\":[\"https:\\\/\\\/kruja.info\\\/en\\\/pozita-gjeografike\\\/\"]}]},{\"@type\":\"ImageObject\",\"inLanguage\":\"en-GB\",\"@id\":\"https:\\\/\\\/kruja.info\\\/en\\\/pozita-gjeografike\\\/#primaryimage\",\"url\":\"https:\\\/\\\/kruja.gov.al\\\/wp-content\\\/uploads\\\/2016\\\/02\\\/Screen-Shot-2016-06-13-at-3.01.31-PM-1024x398.png\",\"contentUrl\":\"https:\\\/\\\/kruja.gov.al\\\/wp-content\\\/uploads\\\/2016\\\/02\\\/Screen-Shot-2016-06-13-at-3.01.31-PM-1024x398.png\"},{\"@type\":\"BreadcrumbList\",\"@id\":\"https:\\\/\\\/kruja.info\\\/en\\\/pozita-gjeografike\\\/#breadcrumb\",\"itemListElement\":[{\"@type\":\"ListItem\",\"position\":1,\"name\":\"Home\",\"item\":\"https:\\\/\\\/kruja.info\\\/\"},{\"@type\":\"ListItem\",\"position\":2,\"name\":\"Pozita Gjeografike\"}]},{\"@type\":\"WebSite\",\"@id\":\"https:\\\/\\\/kruja.info\\\/#website\",\"url\":\"https:\\\/\\\/kruja.info\\\/\",\"name\":\"Kruja.info\",\"description\":\"\",\"publisher\":{\"@id\":\"https:\\\/\\\/kruja.info\\\/#organization\"},\"potentialAction\":[{\"@type\":\"SearchAction\",\"target\":{\"@type\":\"EntryPoint\",\"urlTemplate\":\"https:\\\/\\\/kruja.info\\\/?s={search_term_string}\"},\"query-input\":{\"@type\":\"PropertyValueSpecification\",\"valueRequired\":true,\"valueName\":\"search_term_string\"}}],\"inLanguage\":\"en-GB\"},{\"@type\":\"Organization\",\"@id\":\"https:\\\/\\\/kruja.info\\\/#organization\",\"name\":\"Kruja.info\",\"url\":\"https:\\\/\\\/kruja.info\\\/\",\"logo\":{\"@type\":\"ImageObject\",\"inLanguage\":\"en-GB\",\"@id\":\"https:\\\/\\\/kruja.info\\\/#\\\/schema\\\/logo\\\/image\\\/\",\"url\":\"https:\\\/\\\/kruja.info\\\/wp-content\\\/uploads\\\/2026\\\/04\\\/cropped-cropped-cropped-cropped-125-5-2-1.png\",\"contentUrl\":\"https:\\\/\\\/kruja.info\\\/wp-content\\\/uploads\\\/2026\\\/04\\\/cropped-cropped-cropped-cropped-125-5-2-1.png\",\"width\":524,\"height\":134,\"caption\":\"Kruja.info\"},\"image\":{\"@id\":\"https:\\\/\\\/kruja.info\\\/#\\\/schema\\\/logo\\\/image\\\/\"},\"sameAs\":[\"https:\\\/\\\/www.facebook.com\\\/Kruja.info\\\/\"]}]}<\/script>\n<!-- \/ Yoast SEO plugin. -->","yoast_head_json":{"title":"Pozita Gjeografike - Kruja.info","robots":{"index":"index","follow":"follow","max-snippet":"max-snippet:-1","max-image-preview":"max-image-preview:large","max-video-preview":"max-video-preview:-1"},"canonical":"https:\/\/kruja.info\/en\/pozita-gjeografike\/","og_locale":"en_GB","og_type":"article","og_title":"Pozita Gjeografike - Kruja.info","og_description":"Bashkia e Kruj\u00ebs gjendet n\u00eb pjes\u00ebn veriore t\u00eb Shqip\u00ebris\u00eb s\u00eb mesme. Shtrihet midis kodrave t\u00eb Ishmit, fushave te","og_url":"https:\/\/kruja.info\/en\/pozita-gjeografike\/","og_site_name":"Kruja.info","article_publisher":"https:\/\/www.facebook.com\/Kruja.info\/","og_image":[{"url":"https:\/\/kruja.gov.al\/wp-content\/uploads\/2016\/02\/Screen-Shot-2016-06-13-at-3.01.31-PM-1024x398.png","type":"","width":"","height":""}],"twitter_card":"summary_large_image","twitter_misc":{"Est. reading time":"9 minutes"},"schema":{"@context":"https:\/\/schema.org","@graph":[{"@type":"WebPage","@id":"https:\/\/kruja.info\/en\/pozita-gjeografike\/","url":"https:\/\/kruja.info\/en\/pozita-gjeografike\/","name":"Pozita Gjeografike - Kruja.info","isPartOf":{"@id":"https:\/\/kruja.info\/#website"},"primaryImageOfPage":{"@id":"https:\/\/kruja.info\/en\/pozita-gjeografike\/#primaryimage"},"image":{"@id":"https:\/\/kruja.info\/en\/pozita-gjeografike\/#primaryimage"},"thumbnailUrl":"https:\/\/kruja.gov.al\/wp-content\/uploads\/2016\/02\/Screen-Shot-2016-06-13-at-3.01.31-PM-1024x398.png","datePublished":"2026-05-04T11:07:08+00:00","breadcrumb":{"@id":"https:\/\/kruja.info\/en\/pozita-gjeografike\/#breadcrumb"},"inLanguage":"en-GB","potentialAction":[{"@type":"ReadAction","target":["https:\/\/kruja.info\/en\/pozita-gjeografike\/"]}]},{"@type":"ImageObject","inLanguage":"en-GB","@id":"https:\/\/kruja.info\/en\/pozita-gjeografike\/#primaryimage","url":"https:\/\/kruja.gov.al\/wp-content\/uploads\/2016\/02\/Screen-Shot-2016-06-13-at-3.01.31-PM-1024x398.png","contentUrl":"https:\/\/kruja.gov.al\/wp-content\/uploads\/2016\/02\/Screen-Shot-2016-06-13-at-3.01.31-PM-1024x398.png"},{"@type":"BreadcrumbList","@id":"https:\/\/kruja.info\/en\/pozita-gjeografike\/#breadcrumb","itemListElement":[{"@type":"ListItem","position":1,"name":"Home","item":"https:\/\/kruja.info\/"},{"@type":"ListItem","position":2,"name":"Pozita Gjeografike"}]},{"@type":"WebSite","@id":"https:\/\/kruja.info\/#website","url":"https:\/\/kruja.info\/","name":"Kruja.info","description":"","publisher":{"@id":"https:\/\/kruja.info\/#organization"},"potentialAction":[{"@type":"SearchAction","target":{"@type":"EntryPoint","urlTemplate":"https:\/\/kruja.info\/?s={search_term_string}"},"query-input":{"@type":"PropertyValueSpecification","valueRequired":true,"valueName":"search_term_string"}}],"inLanguage":"en-GB"},{"@type":"Organization","@id":"https:\/\/kruja.info\/#organization","name":"Kruja.info","url":"https:\/\/kruja.info\/","logo":{"@type":"ImageObject","inLanguage":"en-GB","@id":"https:\/\/kruja.info\/#\/schema\/logo\/image\/","url":"https:\/\/kruja.info\/wp-content\/uploads\/2026\/04\/cropped-cropped-cropped-cropped-125-5-2-1.png","contentUrl":"https:\/\/kruja.info\/wp-content\/uploads\/2026\/04\/cropped-cropped-cropped-cropped-125-5-2-1.png","width":524,"height":134,"caption":"Kruja.info"},"image":{"@id":"https:\/\/kruja.info\/#\/schema\/logo\/image\/"},"sameAs":["https:\/\/www.facebook.com\/Kruja.info\/"]}]}},"_links":{"self":[{"href":"https:\/\/kruja.info\/en\/wp-json\/wp\/v2\/pages\/1435","targetHints":{"allow":["GET"]}}],"collection":[{"href":"https:\/\/kruja.info\/en\/wp-json\/wp\/v2\/pages"}],"about":[{"href":"https:\/\/kruja.info\/en\/wp-json\/wp\/v2\/types\/page"}],"author":[{"embeddable":true,"href":"https:\/\/kruja.info\/en\/wp-json\/wp\/v2\/users\/1"}],"replies":[{"embeddable":true,"href":"https:\/\/kruja.info\/en\/wp-json\/wp\/v2\/comments?post=1435"}],"version-history":[{"count":1,"href":"https:\/\/kruja.info\/en\/wp-json\/wp\/v2\/pages\/1435\/revisions"}],"predecessor-version":[{"id":1436,"href":"https:\/\/kruja.info\/en\/wp-json\/wp\/v2\/pages\/1435\/revisions\/1436"}],"wp:attachment":[{"href":"https:\/\/kruja.info\/en\/wp-json\/wp\/v2\/media?parent=1435"}],"curies":[{"name":"wp","href":"https:\/\/api.w.org\/{rel}","templated":true}]}}